{"id":1123,"date":"2016-02-28T04:18:46","date_gmt":"2016-02-28T02:18:46","guid":{"rendered":"http:\/\/grundschule-einsingen.de\/?page_id=1123"},"modified":"2017-05-10T08:28:23","modified_gmt":"2017-05-10T06:28:23","slug":"schulordnung","status":"publish","type":"page","link":"https:\/\/grundschule-einsingen.de\/?page_id=1123","title":{"rendered":"Schulordnung"},"content":{"rendered":"<p><em>Das Wichtigste aus unserer Schulordnung:<\/em><\/p>\n<p><strong>Jeder Sch\u00fcler hat das Recht, ungest\u00f6rt lernen zu k\u00f6nnen.\u00a0<\/strong><\/p>\n<ul>\n<li>Wir gehen h\u00f6flich und freundlich miteinander um.<\/li>\n<li>Wir achten und respektieren alle anderen.<\/li>\n<li>Wir erscheinen p\u00fcnktlich zum Unterricht.<\/li>\n<li>Wir sind verantwortlich f\u00fcr Ordnung und Sauberkeit in der Schule.<\/li>\n<li>Anweisungen von Lehrerinnen und Lehrern werden befolgt.<\/li>\n<li>Kaugummi kauen ist verboten.<\/li>\n<li>In den Schulgeb\u00e4uden tragen wir keine Kopfbedeckung.<\/li>\n<li>Handys und andere elektronische Ger\u00e4te sind nicht erlaubt.<\/li>\n<li>Wir bringen keine Waffen mit in die Schule.<\/li>\n<li>Ohne Erlaubnis darf das Schulgel\u00e4nde nicht verlassen werden.<\/li>\n<li>In der gro\u00dfen Pause gehen wir auf den Pausenhof.<\/li>\n<li>Bei Regen entscheidet die Pausenaufsicht, ob die Pausenhalle ge\u00f6ffnet bleibt.<\/li>\n<li>Wir nehmen zur Schule und nach Hause den k\u00fcrzesten Weg.<\/li>\n<li>Wenn sich auf dem Schulweg einen Unfall ereignet, wird dies umgehend dem Klassenlehrer mitgeteilt.<\/li>\n<\/ul>\n","protected":false},"excerpt":{"rendered":"<p>Das Wichtigste aus unserer Schulordnung: Jeder Sch\u00fcler hat das Recht, ungest\u00f6rt lernen zu k\u00f6nnen.\u00a0 Wir gehen h\u00f6flich und freundlich miteinander um. Wir achten und respektieren alle anderen. Wir erscheinen p\u00fcnktlich zum Unterricht. Wir sind verantwortlich f\u00fcr Ordnung und Sauberkeit in &#8230; <a class=\"more-link\" href=\"https:\/\/grundschule-einsingen.de\/?page_id=1123\">Read More &raquo;<\/a><\/p>\n","protected":false},"author":1,"featured_media":0,"parent":0,"menu_order":0,"comment_status":"closed","ping_status":"closed","template":"","meta":{"footnotes":""},"class_list":["post-1123","page","type-page","status-publish","hentry"],"_links":{"self":[{"href":"https:\/\/grundschule-einsingen.de\/index.php?rest_route=\/wp\/v2\/pages\/1123","targetHints":{"allow":["GET"]}}],"collection":[{"href":"https:\/\/grundschule-einsingen.de\/index.php?rest_route=\/wp\/v2\/pages"}],"about":[{"href":"https:\/\/grundschule-einsingen.de\/index.php?rest_route=\/wp\/v2\/types\/page"}],"author":[{"embeddable":true,"href":"https:\/\/grundschule-einsingen.de\/index.php?rest_route=\/wp\/v2\/users\/1"}],"replies":[{"embeddable":true,"href":"https:\/\/grundschule-einsingen.de\/index.php?rest_route=%2Fwp%2Fv2%2Fcomments&post=1123"}],"version-history":[{"count":1,"href":"https:\/\/grundschule-einsingen.de\/index.php?rest_route=\/wp\/v2\/pages\/1123\/revisions"}],"predecessor-version":[{"id":1309,"href":"https:\/\/grundschule-einsingen.de\/index.php?rest_route=\/wp\/v2\/pages\/1123\/revisions\/1309"}],"wp:attachment":[{"href":"https:\/\/grundschule-einsingen.de\/index.php?rest_route=%2Fwp%2Fv2%2Fmedia&parent=1123"}],"curies":[{"name":"wp","href":"https:\/\/api.w.org\/{rel}","templated":true}]}}