{"id":1154,"date":"2022-07-12T21:00:00","date_gmt":"2022-07-12T19:00:00","guid":{"rendered":"http:\/\/grundschule-einsingen.de\/?page_id=1154"},"modified":"2023-07-04T22:49:24","modified_gmt":"2023-07-04T20:49:24","slug":"umwelt-macht-schule","status":"publish","type":"page","link":"https:\/\/grundschule-einsingen.de\/?page_id=1154","title":{"rendered":"Umwelt macht Schule"},"content":{"rendered":"\n<p>Ziel unserer Aktivit\u00e4ten ist es, den Kindern praktizierten Umweltschutz zu vermitteln und sie auf spielerische Weise an Themen wie Energie und Klima heranzuf\u00fchren.&nbsp;<\/p>\n\n\n\n<h2 class=\"wp-block-heading has-text-align-left\">Umwelt macht Schule im Schuljahr 2022\/23<\/h2>\n\n\n\n<p><strong>Themenkomplex 1: Aktivit\u00e4t und Kontinuit\u00e4t beim Energiesparen:<\/strong><\/p>\n\n\n\n<p>Seit 2015 gibt es die Nachmittags-AG \u201eNatur auf der Spur\u201c am Mittwoch und die AG \u201eUmweltforscher\u201c am Donnerstag. In den AGs werden Energiedetektive aus Klasse 3 ausgew\u00e4hlt, die regelm\u00e4\u00dfig \u00fcberpr\u00fcfen, ob das Licht in den Fluren gel\u00f6scht werden kann. In den Klassen gibt es L\u00fcftungsdetektive. Auch in den Toiletten hat jede Klasse einen Handwasch-Wachmann. Dieses Kind kontrolliert den Wasser- und Papierhandt\u00fccher Verbrauch beim klasseweisen H\u00e4ndewaschen in den Pausen.<\/p>\n\n\n\n<div class=\"wp-block-media-text alignwide is-stacked-on-mobile\" style=\"grid-template-columns:26% auto\"><figure class=\"wp-block-media-text__media\"><img loading=\"lazy\" decoding=\"async\" width=\"208\" height=\"357\" src=\"https:\/\/ein.ulm.schule\/wp-content\/uploads\/2023\/07\/Umwelt-macht-Schule-Bild1.jpg-1.png\" alt=\"\" class=\"wp-image-2378 size-full\" srcset=\"https:\/\/grundschule-einsingen.de\/wp-content\/uploads\/2023\/07\/Umwelt-macht-Schule-Bild1.jpg-1.png 208w, https:\/\/grundschule-einsingen.de\/wp-content\/uploads\/2023\/07\/Umwelt-macht-Schule-Bild1.jpg-1-175x300.png 175w\" sizes=\"auto, (max-width: 208px) 100vw, 208px\" \/><\/figure><div class=\"wp-block-media-text__content\">\n<p><strong>Themenkomplex 2: Umweltrelevante \u00d6ffentlichkeitsarbeit an der Schule<\/strong><\/p>\n\n\n\n<p>In allen R\u00e4umen gibt es bereits Erinnerungsschilder, die j\u00e4hrlich ausgetauscht werden um attraktiver zu sein. Die Flure und ein Teil der Klassenr\u00e4ume sind mit Bewegungsmelder ausgestattet und k\u00f6nnen nicht gesteuert werden. Auf der Homepage werden die Aktivit\u00e4ten gezeigt, am Schulfest wird die Aktion Umwelt macht Schule vorgestellt. Im vergangenen Jahr wurde das Energiefahrrad ausgeliehen. Hier konnte jeder feststellen, wie anstrengend es ist Strom zu produzieren.<\/p>\n<\/div><\/div>\n\n\n\n<p><strong>Themenkomplex 3: Durchf\u00fchrung von Energie- und Umweltaktionen. Integration der Themen Energie und Klima im Unterricht<\/strong><\/p>\n\n\n\n<p>In diesem Schuljahr hatten wir ein Kleinprojekt M\u00fcllvermeidung und Lebensmittelverschwendung. Die Kinder der Klasse 3 erarbeiteten mit ihren PCs einen Vortrag \u00fcber Lebensmittelverschwendung.<\/p>\n\n\n\n<p>Unsere Exkursion ging auf einen nahegelegenen Bauernhof mit Milchwirtschaft (siehe Themenkomplex 4). Im Unterricht wurde das Thema Strom und Energie behandelt. Als Leitfaden wurde das Sch\u00fclerheft von EON verwendet. Dabei wurden s\u00e4mtliche Energiegewinnungsarten besprochen. Einige Seiten des Heftes waren mit Stromsparvorschl\u00e4gen versehen. Am Ende des Heftes wurde das erlernte Wissen abgefragt. Die Klasse 4 erlernten den Stromkreis und bauten auch einen auf.<\/p>\n\n\n\n<div class=\"wp-block-media-text alignwide is-stacked-on-mobile\" style=\"grid-template-columns:29% auto\"><figure class=\"wp-block-media-text__media\"><img loading=\"lazy\" decoding=\"async\" width=\"364\" height=\"727\" src=\"https:\/\/ein.ulm.schule\/wp-content\/uploads\/2023\/07\/Umwelt-macht-Schule-Bild-5.jpg.png\" alt=\"\" class=\"wp-image-2382 size-full\" srcset=\"https:\/\/grundschule-einsingen.de\/wp-content\/uploads\/2023\/07\/Umwelt-macht-Schule-Bild-5.jpg.png 364w, https:\/\/grundschule-einsingen.de\/wp-content\/uploads\/2023\/07\/Umwelt-macht-Schule-Bild-5.jpg-150x300.png 150w\" sizes=\"auto, (max-width: 364px) 100vw, 364px\" \/><\/figure><div class=\"wp-block-media-text__content\">\n<p><strong>Themenkomplex 4: Weitere Themen:<\/strong><\/p>\n\n\n\n<p>Online Fortbildung der AG- Leiter bei &nbsp;der Stiftung kleiner Forscher zu \u201eEnergie ist \u00fcberall\u201c<\/p>\n\n\n\n<p>In den AGs machten wir zahlreiche Experimente \u00fcber verschiede M\u00f6glichkeiten der Energieerzeugung. Wir untersuchten z.B. die M\u00f6glichkeit der Windenergie.<\/p>\n\n\n\n<p>Mit der Klasse 2 \u201eNatur auf der Spur\u201c bastelten wir Windr\u00e4der aus Pappe.<\/p>\n\n\n\n<p>Mit der Umweltforscher AG erarbeiteten wir wie Wind eingefangen werden kann und zu Energie umgewandelt wird. Ein eigenes Windrad wurde gebastelt.<\/p>\n\n\n\n<p>&nbsp;Zuerst versuchten wir es mit einem Hula Hoop-Reifen und Schn\u00fcren, dann mit Pappe und leeren Einwegflaschen. Wir kamen zu dem Schluss, dass das zu instabil ist. Zwar waren die Flaschen am Pappekreis besser zu befestigen, aber die Aufh\u00e4ngung funktionierte nicht.<\/p>\n<\/div><\/div>\n\n\n\n<div class=\"wp-block-media-text alignwide is-stacked-on-mobile\" style=\"grid-template-columns:29% auto\"><figure class=\"wp-block-media-text__media\"><img loading=\"lazy\" decoding=\"async\" width=\"512\" height=\"1024\" src=\"https:\/\/ein.ulm.schule\/wp-content\/uploads\/2023\/07\/Umwelt-macht-Schule-8-512x1024.png\" alt=\"\" class=\"wp-image-2386 size-full\" srcset=\"https:\/\/grundschule-einsingen.de\/wp-content\/uploads\/2023\/07\/Umwelt-macht-Schule-8-512x1024.png 512w, https:\/\/grundschule-einsingen.de\/wp-content\/uploads\/2023\/07\/Umwelt-macht-Schule-8-150x300.png 150w, https:\/\/grundschule-einsingen.de\/wp-content\/uploads\/2023\/07\/Umwelt-macht-Schule-8.png 586w\" sizes=\"auto, (max-width: 512px) 100vw, 512px\" \/><\/figure><div class=\"wp-block-media-text__content\">\n<p>Also nahmen wir dann eine Fahrradfelge mit eingebautem Dynamo und montierten daran Dosen (die aufgeschnittenen Flaschen waren zu instabil), als\u201c Rotorbl\u00e4tter\u201c. Sehr schnell merkten wir, dass schon sehr starker Wind ben\u00f6tigt wird zur Energiegewinnung, denn der Dynamo wirkte wie eine Bremse. Es wurde leider keine Energie erzeugt. Der Versuch war es trotzdem wert.<\/p>\n<\/div><\/div>\n\n\n\n<div class=\"wp-block-media-text alignwide is-stacked-on-mobile\" style=\"grid-template-columns:29% auto\"><figure class=\"wp-block-media-text__media\"><img loading=\"lazy\" decoding=\"async\" width=\"330\" height=\"662\" src=\"https:\/\/ein.ulm.schule\/wp-content\/uploads\/2023\/07\/Umwelt-macht-Schule-Bild-6.png\" alt=\"\" class=\"wp-image-2387 size-full\" srcset=\"https:\/\/grundschule-einsingen.de\/wp-content\/uploads\/2023\/07\/Umwelt-macht-Schule-Bild-6.png 330w, https:\/\/grundschule-einsingen.de\/wp-content\/uploads\/2023\/07\/Umwelt-macht-Schule-Bild-6-150x300.png 150w\" sizes=\"auto, (max-width: 330px) 100vw, 330px\" \/><\/figure><div class=\"wp-block-media-text__content\">\n<p>Dann wandten wir uns der Energiegewinnung mit Biomasse zu. Wir recherchierten was alles bei der Biomasseheizung verwendet werden kann.<\/p>\n\n\n\n<p>Dabei kamen die Kinder sofort auf Holz, einige wussten aber auch, dass aus Kompost Energie gemacht werden kann. Also bauten wir uns eine eigene Minibiogasanlage mit Gem\u00fcse-und Obstresten. Dieses Experiment gelang deutlich besser, der Ballon wurde immer gr\u00f6\u00dfer.<\/p>\n<\/div><\/div>\n\n\n\n<p>Die Kinder der AG stellten fest. Dass auch aus Mist und G\u00fclle Energie entstehen kann. Deshalb machten wir uns auf den Weg auf den Bauernhof in unserer N\u00e4he. Dort lernten wir viel \u00fcber die gro\u00dfe Menge Mist, die 100 K\u00fche produzieren und wie viel Futter die K\u00fche ben\u00f6tigen. Wir konnten erfahren wie viel Milch sie pro Tag produzieren und wie lange es dauert vom Kalb zur Kuh.<\/p>\n\n\n\n<p>In diesem Zusammenhang sprachen wir auch \u00fcber das Methangas das die K\u00fche ausr\u00fclpsen und \u00fcber die Erderw\u00e4rmung.<\/p>\n\n\n\n<figure class=\"wp-block-image size-full\"><a href=\"https:\/\/ein.ulm.schule\/wp-content\/uploads\/2023\/07\/Umwelt-macht-Schule-Bild-7-1.png\"><img loading=\"lazy\" decoding=\"async\" width=\"680\" height=\"340\" src=\"https:\/\/ein.ulm.schule\/wp-content\/uploads\/2023\/07\/Umwelt-macht-Schule-Bild-7-1.png\" alt=\"\" class=\"wp-image-2389\" srcset=\"https:\/\/grundschule-einsingen.de\/wp-content\/uploads\/2023\/07\/Umwelt-macht-Schule-Bild-7-1.png 680w, https:\/\/grundschule-einsingen.de\/wp-content\/uploads\/2023\/07\/Umwelt-macht-Schule-Bild-7-1-300x150.png 300w\" sizes=\"auto, (max-width: 680px) 100vw, 680px\" \/><\/a><\/figure>\n\n\n\n<div class=\"wp-block-media-text alignwide is-stacked-on-mobile\" style=\"grid-template-columns:28% auto\"><figure class=\"wp-block-media-text__media\"><img loading=\"lazy\" decoding=\"async\" width=\"376\" height=\"670\" src=\"https:\/\/ein.ulm.schule\/wp-content\/uploads\/2023\/07\/Umwelt-macht-Schule-Bild-8-rotated.jpg\" alt=\"\" class=\"wp-image-2390 size-full\" srcset=\"https:\/\/grundschule-einsingen.de\/wp-content\/uploads\/2023\/07\/Umwelt-macht-Schule-Bild-8-rotated.jpg 376w, https:\/\/grundschule-einsingen.de\/wp-content\/uploads\/2023\/07\/Umwelt-macht-Schule-Bild-8-168x300.jpg 168w\" sizes=\"auto, (max-width: 376px) 100vw, 376px\" \/><\/figure><div class=\"wp-block-media-text__content\">\n<p>Wie in jedem Jahr befassten wir uns nat\u00fcrlich auch mit der Sonnenenergie mit kleineren Experimenten z.B.: Schokolade schmelzen an der Sonne, Temperaturen verschiedener Materialien und Farben an der Sonne und im Schatten messen mit dem Messkoffer.<\/p>\n\n\n\n<p>Volle Begeisterung l\u00f6st aber immer unser Sonnenballon aus,<\/p>\n\n\n\n<p>an diesem Beispiel kann W\u00e4rmeerzeugung gut demonstriert werden.<\/p>\n\n\n\n<p>Er wird mit Luft gef\u00fcllt und durch die Erw\u00e4rmung der Luft steigt er wie mit Geisterhand ganz alleine in die Luft.<\/p>\n<\/div><\/div>\n\n\n\n<div class=\"wp-block-media-text alignwide is-stacked-on-mobile\" style=\"grid-template-columns:29% auto\"><figure class=\"wp-block-media-text__media\"><img loading=\"lazy\" decoding=\"async\" width=\"511\" height=\"1024\" src=\"https:\/\/ein.ulm.schule\/wp-content\/uploads\/2023\/07\/Umwelt-macht-Schule-Bild-9-511x1024.jpg\" alt=\"\" class=\"wp-image-2391 size-full\" srcset=\"https:\/\/grundschule-einsingen.de\/wp-content\/uploads\/2023\/07\/Umwelt-macht-Schule-Bild-9-511x1024.jpg 511w, https:\/\/grundschule-einsingen.de\/wp-content\/uploads\/2023\/07\/Umwelt-macht-Schule-Bild-9-150x300.jpg 150w, https:\/\/grundschule-einsingen.de\/wp-content\/uploads\/2023\/07\/Umwelt-macht-Schule-Bild-9.jpg 555w\" sizes=\"auto, (max-width: 511px) 100vw, 511px\" \/><\/figure><div class=\"wp-block-media-text__content\">\n<p>Neben der Erzeugung von Energie hatten wir aber auch das Einsparen von Energie im Blick. Das Thema L\u00fcftung stand im Winter mit Hilfe der L\u00fcftungs-Sanduhr im Mittelpunkt.<\/p>\n\n\n\n<p>Das Einsparen von Energie mit W\u00e4rmed\u00e4mmung wurde experimentell ausprobiert, mit Eisw\u00fcrfeln im Becher einmal ohne und einmal mit geringer D\u00e4mmung und doppelter D\u00e4mmung mit Styropor. &nbsp;&nbsp;<\/p>\n\n\n\n<p>Tats\u00e4chlich war der Eisw\u00fcrfel je nach D\u00e4mmung gr\u00f6\u00dfer als im schlecht oder nicht ged\u00e4mmten Becher.<\/p>\n<\/div><\/div>\n\n\n\n<p><strong>Themenkomplex 5: Besondere Aktivit\u00e4ten im Umweltbereich<\/strong><\/p>\n\n\n\n<p>Unsere Schule plant weiterhin einen Baum zu pflanzen, die Planung l\u00e4uft, doch die Umsetzung wird noch dauern, da der Baum sp\u00e4ter auch gepflegt werden muss und durch eine Firma gepflanzt werden muss. Aber wir bleiben dran.<\/p>\n\n\n\n<p>Auch in diesem Schuljahr hatten wir wieder viel Freude an unseren Energie-Aktionen und AGs und freuen auf neue Herausforderungen.<\/p>\n\n\n\n<p><\/p>\n\n\n\n<h2 class=\"wp-block-heading\">Umwelt macht Schule Schuljahr 2021\/22<\/h2>\n\n\n\n<p><u>Themenkomplex 1: Aktivit\u00e4t und Kontinuit\u00e4t beim Energiesparen<\/u><\/p>\n\n\n\n<p>An der Grundschule Einsingen gibt es seit 2015 die AG \u201e<strong><em>Natur auf der Spur<\/em><\/strong>\u201c f\u00fcr Klasse 2 und die AG \u201e<strong><em>Umweltforscher<\/em><\/strong>\u201c f\u00fcr die Klasse 3 und 4. Aus dieser AG heraus werden Energiedetektive bestimmt, die immer kontrollieren ob das <strong>Licht<\/strong> in den Pausen aus ist oder wenn es morgens hell genug ist. F\u00fcr die L\u00fcftung der R\u00e4ume gibt es ein L\u00fcftungsprotokoll, das von den Lehren und Betreuern in der Heizungsphase \u00fcbernommen wird. Viele Teile unserer Schule werden jedoch mittels Bewegungsmelder mit Lichtsensor gesteuert, so dass wir keinen direkten Einfluss darauf haben. In den Klassenzimmern haben wir Schilder angebracht, damit jeder daran erinnert wird.<\/p>\n\n\n\n<figure class=\"wp-block-image size-full is-resized is-style-rounded\"><a href=\"https:\/\/ein.ulm.schule\/wp-content\/uploads\/2022\/07\/GSEinsingen_Umweltforscher_Licht_aus.jpg\"><img loading=\"lazy\" decoding=\"async\" src=\"https:\/\/ein.ulm.schule\/wp-content\/uploads\/2022\/07\/GSEinsingen_Umweltforscher_Licht_aus.jpg\" alt=\"Schilder in der Schule &quot;Licht aus!&quot;\" class=\"wp-image-2113\" width=\"493\" height=\"276\" srcset=\"https:\/\/grundschule-einsingen.de\/wp-content\/uploads\/2022\/07\/GSEinsingen_Umweltforscher_Licht_aus.jpg 830w, https:\/\/grundschule-einsingen.de\/wp-content\/uploads\/2022\/07\/GSEinsingen_Umweltforscher_Licht_aus-300x168.jpg 300w, https:\/\/grundschule-einsingen.de\/wp-content\/uploads\/2022\/07\/GSEinsingen_Umweltforscher_Licht_aus-768x430.jpg 768w, https:\/\/grundschule-einsingen.de\/wp-content\/uploads\/2022\/07\/GSEinsingen_Umweltforscher_Licht_aus-600x336.jpg 600w\" sizes=\"auto, (max-width: 493px) 100vw, 493px\" \/><\/a><\/figure>\n\n\n\n<p>Auch wenn es nicht im unmittelbaren ablesbarem Energieverbrauch zusammenh\u00e4ngt,<br>achten wir sehr darauf, dass weniger <strong>Papierhandt\u00fccher<\/strong> verbraucht werden. Die Kinder machen sich gegenseitig darauf aufmerksam, es gibt Hinweisschilder und wir kontrollieren immer wieder.<\/p>\n\n\n\n<p>Wir haben in diesem Zusammenhang erarbeitet wie aufwendig und materialintensiv die Herstellung von Papier ist.<\/p>\n\n\n\n<figure class=\"wp-block-image size-full is-style-default\"><a href=\"https:\/\/ein.ulm.schule\/wp-content\/uploads\/2022\/07\/GSEinsingen_Umweltforscher_Papierhandtuecher.jpg\"><img loading=\"lazy\" decoding=\"async\" width=\"643\" height=\"426\" src=\"https:\/\/ein.ulm.schule\/wp-content\/uploads\/2022\/07\/GSEinsingen_Umweltforscher_Papierhandtuecher.jpg\" alt=\"Diagramme welche die Verbrauchswerte f\u00fcr 1kg Papier zeigen\" class=\"wp-image-2114\" srcset=\"https:\/\/grundschule-einsingen.de\/wp-content\/uploads\/2022\/07\/GSEinsingen_Umweltforscher_Papierhandtuecher.jpg 643w, https:\/\/grundschule-einsingen.de\/wp-content\/uploads\/2022\/07\/GSEinsingen_Umweltforscher_Papierhandtuecher-300x199.jpg 300w, https:\/\/grundschule-einsingen.de\/wp-content\/uploads\/2022\/07\/GSEinsingen_Umweltforscher_Papierhandtuecher-600x398.jpg 600w\" sizes=\"auto, (max-width: 643px) 100vw, 643px\" \/><\/a><\/figure>\n\n\n\n<p>Da es auch bei der Lieferung von Papier zu Engp\u00e4ssen gekommen ist und es rationiert wurde, haben wir auch den Verbrauch pro Kopf thematisiert.<\/p>\n\n\n\n<figure class=\"wp-block-image size-full is-style-default\"><a href=\"https:\/\/ein.ulm.schule\/wp-content\/uploads\/2022\/07\/GSEinsingen_Umweltforscher_Papier.jpg\"><img loading=\"lazy\" decoding=\"async\" width=\"543\" height=\"316\" src=\"https:\/\/ein.ulm.schule\/wp-content\/uploads\/2022\/07\/GSEinsingen_Umweltforscher_Papier.jpg\" alt=\"Kuchendiagramm was den Papier Pro Kopf verbrauch zeigt:\nTechnische und Spezialpapiere 12kg\nHygienepapiere 19kg\nGrafische Papiere 90kg\nKarton 120kg\" class=\"wp-image-2115\" srcset=\"https:\/\/grundschule-einsingen.de\/wp-content\/uploads\/2022\/07\/GSEinsingen_Umweltforscher_Papier.jpg 543w, https:\/\/grundschule-einsingen.de\/wp-content\/uploads\/2022\/07\/GSEinsingen_Umweltforscher_Papier-300x175.jpg 300w\" sizes=\"auto, (max-width: 543px) 100vw, 543px\" \/><\/a><\/figure>\n\n\n\n<p><u>Themenkomplex 2: Umweltrelevante \u00d6ffentlichkeitsarbeit an der Schule<\/u><\/p>\n\n\n\n<p>Die Schilder \u201eLicht aus\u201c h\u00e4ngen seit 5 Jahren und werden regelm\u00e4\u00dfig von den Kindern erneuert, auch teilweise selbst gemalt oder in der Computer-AG gestaltet (s.o.)<\/p>\n\n\n\n<p>Die Verbr\u00e4uche der Schule h\u00e4ngen im Schaukasten und werden den Kindern erkl\u00e4rt. Wir sprechen auch \u00fcber unser Verhalten im Umgang mit Strom, in der Schule aber auch zu Hause.<\/p>\n\n\n\n<p>Unsere Aktionen werden dieses Jahr endlich wieder im Schulfest vorgestellt und den Eltern pr\u00e4sentiert. Wir hoffen auf gutes Wetter. Am Ende des Schuljahres werden die Ergebnisse der Umweltforscher-AG auf der Homepage ver\u00f6ffentlicht.<\/p>\n\n\n\n<p><u>Themenkomplex 3: Durchf\u00fchrung von Energie &#8211; und Umweltaktionen, Integration der Themen im Unterricht<\/u><\/p>\n\n\n\n<p>Auch in diesem Schuljahr war wieder EDe Energiedetektiv bei unserer Klasse 4. An zwei Tagen handelte sich im Unterricht alles nur um Energie und Verbrauch. Toll fanden die Kinder, dass sie die Messger\u00e4te mit nach Hause nehmen durften und dort auch messen konnten. Am n\u00e4chsten Tag wurde dann flei\u00dfig verglichen.<\/p>\n\n\n\n<figure class=\"wp-block-gallery has-nested-images columns-default is-cropped wp-block-gallery-1 is-layout-flex wp-block-gallery-is-layout-flex\">\n<figure class=\"wp-block-image size-large is-style-rounded\"><a href=\"https:\/\/ein.ulm.schule\/wp-content\/uploads\/2022\/07\/GSEinsingen_Umweltforscher_EDe.jpg\"><img loading=\"lazy\" decoding=\"async\" width=\"1024\" height=\"320\" data-id=\"2116\" src=\"https:\/\/ein.ulm.schule\/wp-content\/uploads\/2022\/07\/GSEinsingen_Umweltforscher_EDe-1024x320.jpg\" alt=\"Kinder forschen zum Thema Energie und Verbrauch.\" class=\"wp-image-2116\" srcset=\"https:\/\/grundschule-einsingen.de\/wp-content\/uploads\/2022\/07\/GSEinsingen_Umweltforscher_EDe-1024x320.jpg 1024w, https:\/\/grundschule-einsingen.de\/wp-content\/uploads\/2022\/07\/GSEinsingen_Umweltforscher_EDe-300x94.jpg 300w, https:\/\/grundschule-einsingen.de\/wp-content\/uploads\/2022\/07\/GSEinsingen_Umweltforscher_EDe-768x240.jpg 768w, https:\/\/grundschule-einsingen.de\/wp-content\/uploads\/2022\/07\/GSEinsingen_Umweltforscher_EDe-600x188.jpg 600w, https:\/\/grundschule-einsingen.de\/wp-content\/uploads\/2022\/07\/GSEinsingen_Umweltforscher_EDe.jpg 1228w\" sizes=\"auto, (max-width: 1024px) 100vw, 1024px\" \/><\/a><\/figure>\n<\/figure>\n\n\n\n<p><u>Themenkomplex 4:&nbsp;&nbsp; Weitere Themenkomplexe<\/u><\/p>\n\n\n\n<p>Spiele \/Experimente:<\/p>\n\n\n\n<p>Die Kinder durften die interaktiven Spiele auf der ENBW Seite spielen. Sehr lehrreich. <br><a href=\"https:\/\/www.enbw-interaktiv.de\/\">https:\/\/www.enbw-interaktiv.de\/<\/a><\/p>\n\n\n\n<p><strong>Experimente:<\/strong><\/p>\n\n\n\n<p>Wir haben uns durch die Sommertemperaturen inspirieren lassen und die Sonnenw\u00e4rme ausgenutzt um W\u00fcrstchen zu Grillen. Dazu haben wir Chipsdosen verwendet, diese mit Alufolie ausgekleidet und mittels eines Schaschlikst\u00e4bchen gegrillt und die Temperaturen mit unserem Thermometer aus dem Messkoffer gemessen. Ganz knusprig sind die W\u00fcrstchen nicht geworden, aber der Spa\u00df war gro\u00df.<\/p>\n\n\n\n<figure class=\"wp-block-image size-full is-resized is-style-rounded\"><a href=\"https:\/\/ein.ulm.schule\/wp-content\/uploads\/2022\/07\/GSEinsingen_Umweltforscher_Wuerstchen_1.jpg\"><img loading=\"lazy\" decoding=\"async\" src=\"https:\/\/ein.ulm.schule\/wp-content\/uploads\/2022\/07\/GSEinsingen_Umweltforscher_Wuerstchen_1.jpg\" alt=\"Experiment: W\u00fcrstchengrill aus Chipsdosen\" class=\"wp-image-2117\" width=\"279\" height=\"405\" srcset=\"https:\/\/grundschule-einsingen.de\/wp-content\/uploads\/2022\/07\/GSEinsingen_Umweltforscher_Wuerstchen_1.jpg 279w, https:\/\/grundschule-einsingen.de\/wp-content\/uploads\/2022\/07\/GSEinsingen_Umweltforscher_Wuerstchen_1-207x300.jpg 207w\" sizes=\"auto, (max-width: 279px) 100vw, 279px\" \/><\/a><\/figure>\n\n\n\n<figure class=\"wp-block-image size-full is-style-rounded\"><a href=\"https:\/\/ein.ulm.schule\/wp-content\/uploads\/2022\/07\/GSEinsingen_Umweltforscher_Wuerstchen_2.jpg\"><img loading=\"lazy\" decoding=\"async\" width=\"229\" height=\"390\" src=\"https:\/\/ein.ulm.schule\/wp-content\/uploads\/2022\/07\/GSEinsingen_Umweltforscher_Wuerstchen_2.jpg\" alt=\"Experiment: W\u00fcrstchengrill aus Chipsdosen\" class=\"wp-image-2118\" srcset=\"https:\/\/grundschule-einsingen.de\/wp-content\/uploads\/2022\/07\/GSEinsingen_Umweltforscher_Wuerstchen_2.jpg 229w, https:\/\/grundschule-einsingen.de\/wp-content\/uploads\/2022\/07\/GSEinsingen_Umweltforscher_Wuerstchen_2-176x300.jpg 176w\" sizes=\"auto, (max-width: 229px) 100vw, 229px\" \/><\/a><\/figure>\n\n\n\n<figure class=\"wp-block-image size-full is-resized is-style-rounded\"><a href=\"https:\/\/ein.ulm.schule\/wp-content\/uploads\/2022\/07\/GSEinsingen_Umweltforscher_Wuerstchen_3.jpg\"><img loading=\"lazy\" decoding=\"async\" src=\"https:\/\/ein.ulm.schule\/wp-content\/uploads\/2022\/07\/GSEinsingen_Umweltforscher_Wuerstchen_3.jpg\" alt=\"Experiment: W\u00fcrstchengrill aus Chipsdosen\" class=\"wp-image-2119\" width=\"337\" height=\"316\" srcset=\"https:\/\/grundschule-einsingen.de\/wp-content\/uploads\/2022\/07\/GSEinsingen_Umweltforscher_Wuerstchen_3.jpg 777w, https:\/\/grundschule-einsingen.de\/wp-content\/uploads\/2022\/07\/GSEinsingen_Umweltforscher_Wuerstchen_3-300x281.jpg 300w, https:\/\/grundschule-einsingen.de\/wp-content\/uploads\/2022\/07\/GSEinsingen_Umweltforscher_Wuerstchen_3-768x720.jpg 768w, https:\/\/grundschule-einsingen.de\/wp-content\/uploads\/2022\/07\/GSEinsingen_Umweltforscher_Wuerstchen_3-600x562.jpg 600w\" sizes=\"auto, (max-width: 337px) 100vw, 337px\" \/><\/a><\/figure>\n\n\n\n<p>Und dann haben wir eine eigene kleine Solaranlage gebaut. Dazu haben wir CDs auf einen Karton geklebt, den wir zuerst mit Alufolie \u00fcberzogen hatten. Dann haben wir aus Alufolie Verbindungen zwischen den CDs gemacht. Oben wurde ein Plus und Minus Pol angeschraubt. Dort haben wir dann die entstandene Spannung gemessen.<\/p>\n\n\n\n<figure class=\"wp-block-image size-full is-style-rounded\"><a href=\"https:\/\/ein.ulm.schule\/wp-content\/uploads\/2022\/07\/GSEinsingen_Umweltforscher_CDs.jpg\"><img loading=\"lazy\" decoding=\"async\" width=\"579\" height=\"504\" src=\"https:\/\/ein.ulm.schule\/wp-content\/uploads\/2022\/07\/GSEinsingen_Umweltforscher_CDs.jpg\" alt=\"Experiment: Kinder verbinden CDs mit Alufolie\" class=\"wp-image-2120\" srcset=\"https:\/\/grundschule-einsingen.de\/wp-content\/uploads\/2022\/07\/GSEinsingen_Umweltforscher_CDs.jpg 579w, https:\/\/grundschule-einsingen.de\/wp-content\/uploads\/2022\/07\/GSEinsingen_Umweltforscher_CDs-300x261.jpg 300w\" sizes=\"auto, (max-width: 579px) 100vw, 579px\" \/><\/a><\/figure>\n\n\n\n<p>Wir dann auch noch \u00fcber die Herstellung von Alufolie recherchiert um festzustellen, dass sie sehr, sehr viel Energie bei der Herstellung verbraucht und deshalb sparsam einsetzt werden sollte und auch mehrfach verwendet werden kann.<\/p>\n\n\n\n<p>Die Kraft der Sonnen haben wir auch mit der Lupe erprobt. Eine Gruppe hat mit der Lupe und Strohhalme Feuer gemacht und die andere Gruppe durfte mit der Lupe Schokolade schmelzen.<\/p>\n\n\n\n<p>Beides hat prima funktioniert.<\/p>\n\n\n\n<figure class=\"wp-block-image size-full is-resized is-style-rounded\"><a href=\"https:\/\/ein.ulm.schule\/wp-content\/uploads\/2022\/07\/GSEinsingen_Umweltforscher_Lupe.jpg\"><img loading=\"lazy\" decoding=\"async\" src=\"https:\/\/ein.ulm.schule\/wp-content\/uploads\/2022\/07\/GSEinsingen_Umweltforscher_Lupe.jpg\" alt=\"Versuch mit Lupen ein Feuer zu erzeugen oder Schokolade schmelzen zu lassen.\" class=\"wp-image-2121\" width=\"410\" height=\"288\" srcset=\"https:\/\/grundschule-einsingen.de\/wp-content\/uploads\/2022\/07\/GSEinsingen_Umweltforscher_Lupe.jpg 758w, https:\/\/grundschule-einsingen.de\/wp-content\/uploads\/2022\/07\/GSEinsingen_Umweltforscher_Lupe-300x211.jpg 300w, https:\/\/grundschule-einsingen.de\/wp-content\/uploads\/2022\/07\/GSEinsingen_Umweltforscher_Lupe-600x422.jpg 600w\" sizes=\"auto, (max-width: 410px) 100vw, 410px\" \/><\/a><\/figure>\n\n\n\n<p><u>Themenkomplex 5: Besondere Aktivit\u00e4t<\/u><\/p>\n\n\n\n<p><strong>Schulfest <\/strong><\/p>\n\n\n\n<p>F\u00fcr das Schulfest im Juli haben wir uns den Solarkocher reserviert und hoffen auf gutes Wetter, auch um unsere selbst gemachte Solaranlage vorzuzeigen.<\/p>\n\n\n\n<p>Unabh\u00e4ngig vom Wetter leihen wir uns das Energiefahrrad f\u00fcr unser Schulfest aus. Dort werden Kinder und Eltern mit viel Energie auch Energie erzeugen. Wir freuen uns schon auf die Aktion<\/p>\n\n\n\n<p><strong>Baumpflanzaktion<\/strong><\/p>\n\n\n\n<p>Zur Verbesserung des Klimas haben wir geplant einen oder zwei B\u00e4ume zu pflanzen. Das geht allerdings nicht so schnell. Es gibt bereits Gespr\u00e4che mit der Stadt Ulm und der Gemeinde bez\u00fcglich eines geeigneten Platzes und \u00dcbernahme der Pflege. Auch Verhandlungen \u00fcber die Baumart haben bereits stattgefunden. In Planung ist dann ein Sponsorenlauf oder \u00e4hnliches.<\/p>\n\n\n\n<p>Hoffentlich schaffen wir es im neuen Schuljahr unsere Aktion zu realisieren und dabei werden wir auch wieder viel Spa\u00df haben.<\/p>\n\n\n\n<p>Die Umweltforscher-AG<\/p>\n\n\n\n<p>Grundschule Einsingen<\/p>\n\n\n\n<p><\/p>\n","protected":false},"excerpt":{"rendered":"<p>Ziel unserer Aktivit\u00e4ten ist es, den Kindern praktizierten Umweltschutz zu vermitteln und sie auf spielerische Weise an Themen wie Energie und Klima heranzuf\u00fchren.&nbsp; Umwelt macht Schule im Schuljahr 2022\/23 Themenkomplex 1: Aktivit\u00e4t und Kontinuit\u00e4t beim Energiesparen: Seit 2015 gibt es &#8230; <a class=\"more-link\" href=\"https:\/\/grundschule-einsingen.de\/?page_id=1154\">Read More &raquo;<\/a><\/p>\n","protected":false},"author":1,"featured_media":0,"parent":0,"menu_order":0,"comment_status":"closed","ping_status":"closed","template":"","meta":{"footnotes":""},"class_list":["post-1154","page","type-page","status-publish","hentry"],"_links":{"self":[{"href":"https:\/\/grundschule-einsingen.de\/index.php?rest_route=\/wp\/v2\/pages\/1154","targetHints":{"allow":["GET"]}}],"collection":[{"href":"https:\/\/grundschule-einsingen.de\/index.php?rest_route=\/wp\/v2\/pages"}],"about":[{"href":"https:\/\/grundschule-einsingen.de\/index.php?rest_route=\/wp\/v2\/types\/page"}],"author":[{"embeddable":true,"href":"https:\/\/grundschule-einsingen.de\/index.php?rest_route=\/wp\/v2\/users\/1"}],"replies":[{"embeddable":true,"href":"https:\/\/grundschule-einsingen.de\/index.php?rest_route=%2Fwp%2Fv2%2Fcomments&post=1154"}],"version-history":[{"count":11,"href":"https:\/\/grundschule-einsingen.de\/index.php?rest_route=\/wp\/v2\/pages\/1154\/revisions"}],"predecessor-version":[{"id":2396,"href":"https:\/\/grundschule-einsingen.de\/index.php?rest_route=\/wp\/v2\/pages\/1154\/revisions\/2396"}],"wp:attachment":[{"href":"https:\/\/grundschule-einsingen.de\/index.php?rest_route=%2Fwp%2Fv2%2Fmedia&parent=1154"}],"curies":[{"name":"wp","href":"https:\/\/api.w.org\/{rel}","templated":true}]}}