{"id":12,"date":"2014-07-27T23:23:46","date_gmt":"2014-07-27T21:23:46","guid":{"rendered":"http:\/\/grundschule-einsingen.de\/?page_id=12"},"modified":"2015-09-05T03:05:08","modified_gmt":"2015-09-05T01:05:08","slug":"schulbibliothek","status":"publish","type":"page","link":"https:\/\/grundschule-einsingen.de\/?page_id=12","title":{"rendered":"Schulb\u00fccherei"},"content":{"rendered":"<p style=\"color: #454545;\">Unsere neue Schulb\u00fccherei wurde im Rahmen des diesj\u00e4hrigen Schulfestes am 10.07.2015 offiziell er\u00f6ffnet! Fast 1000 gute, lustige, spannende und informative B\u00fccher warten auf die Kinder.<\/p>\n<p style=\"color: #454545;\"><a href=\"http:\/\/grundschule-einsingen.de\/wp-content\/uploads\/2015\/02\/buecherei_klein.jpg\"><img loading=\"lazy\" decoding=\"async\" class=\"aligncenter size-full wp-image-887\" src=\"http:\/\/grundschule-einsingen.de\/wp-content\/uploads\/2015\/02\/buecherei_klein.jpg\" alt=\"Schulb\u00fccherei\" width=\"900\" height=\"675\" srcset=\"https:\/\/grundschule-einsingen.de\/wp-content\/uploads\/2015\/02\/buecherei_klein.jpg 900w, https:\/\/grundschule-einsingen.de\/wp-content\/uploads\/2015\/02\/buecherei_klein-300x225.jpg 300w, https:\/\/grundschule-einsingen.de\/wp-content\/uploads\/2015\/02\/buecherei_klein-600x450.jpg 600w\" sizes=\"auto, (max-width: 900px) 100vw, 900px\" \/><\/a><\/p>\n<p>Dank der gro\u00dfz\u00fcgigen Unterst\u00fctzung von Unternehmen und Familien konnte der F\u00f6rderverein die Schulb\u00fccherei der Grundschule Einsingen zur Freude der Kinder mit B\u00fccherregalen und gem\u00fctlichen Sitzgelegenheiten wie Sofa, Sessel und Sitzs\u00e4cken ausstatten und den Bestand an guten, lustigen, spannenden und informativen Kinderb\u00fcchern ausbauen. Im Namen von Sch\u00fclern, Lehrern und Schulleitung m\u00f6chten wir uns bei Ihnen ganz herzlich daf\u00fcr bedanken!<\/p>\n<ul>\n<li><a href=\"https:\/\/www.volksbank-ulm-biberach.de\/\" target=\"_blank\">Volksbank Ulm-Biberach eG<\/a><\/li>\n<li><a href=\"http:\/\/www.prinz-wohnen.de\/\" target=\"_blank\">prinz wohnen<\/a><\/li>\n<li><a href=\"http:\/\/www.zwick.de\/\">Zwick GmbH &amp; Co. KG<\/a><\/li>\n<li><a href=\"http:\/\/www.kab-einsingen.de\/theatergruppe\/\" target=\"_blank\">KAB Theatergruppe Einsingen<\/a><\/li>\n<li><a href=\"http:\/\/www.wasaschomberler.de\/\" target=\"_blank\">Narrenzunft Wasaschomberler<\/a><\/li>\n<li><a href=\"http:\/\/www.stittrich.de\/\" target=\"_blank\">Autohaus Stittrich<\/a><\/li>\n<li>Metzgerei Maucher<\/li>\n<li><a href=\"http:\/\/www.autodienst-schmid.de\/\" target=\"_blank\">Autodienst Schmid<\/a><\/li>\n<li>Musikschule Brachmann<\/li>\n<li><a href=\"http:\/\/www.holzbau-erbach.de\/\" target=\"_blank\">Holzbau Aierstock<\/a><\/li>\n<li><a href=\"http:\/\/zwo-p.de\/\" target=\"_blank\">Architekturb\u00fcro zwo P<\/a><\/li>\n<li><a href=\"http:\/\/www.martin-ebert-fotograf.de\/\" target=\"_blank\">Fotograf Martin Ebert<\/a><\/li>\n<li>weitere Unternehmen, die ungenannt bleiben m\u00f6chten<\/li>\n<li>Familien Riedm\u00fcller, Wacholz, \u00d6zbek, Nagler, Sagmeister, Dickn\u00f6ther, Utschick, Pfinder\u00a0sowie weitere Familien mit B\u00fccher-Sachspenden oder kleinen Geldspenden an der Einschulungsfeier<\/li>\n<\/ul>\n<p style=\"color: #454545;\">Sollten auch Sie gute Kinderb\u00fccher in neuer Rechtschreibung spenden wollen, bitten wir um Abgabe im Rektorat. Neben Sachspenden sind auch Geldspenden herzlich willkommen. Bitte \u00fcberweisen Sie ihre Spende unter dem Stichwort &#8222;B\u00fccherei&#8220; (<a href=\"http:\/\/grundschule-einsingen.de\/?page_id=14\">Bankverbindung<\/a>). Vielen Dank f\u00fcr Ihre Unterst\u00fctzung!<\/p>\n","protected":false},"excerpt":{"rendered":"<p>Unsere neue Schulb\u00fccherei wurde im Rahmen des diesj\u00e4hrigen Schulfestes am 10.07.2015 offiziell er\u00f6ffnet! Fast 1000 gute, lustige, spannende und informative B\u00fccher warten auf die Kinder. Dank der gro\u00dfz\u00fcgigen Unterst\u00fctzung von Unternehmen und Familien konnte der F\u00f6rderverein die Schulb\u00fccherei der Grundschule &#8230; <a class=\"more-link\" href=\"https:\/\/grundschule-einsingen.de\/?page_id=12\">Read More &raquo;<\/a><\/p>\n","protected":false},"author":1,"featured_media":0,"parent":0,"menu_order":0,"comment_status":"closed","ping_status":"closed","template":"","meta":{"footnotes":""},"class_list":["post-12","page","type-page","status-publish","hentry"],"_links":{"self":[{"href":"https:\/\/grundschule-einsingen.de\/index.php?rest_route=\/wp\/v2\/pages\/12","targetHints":{"allow":["GET"]}}],"collection":[{"href":"https:\/\/grundschule-einsingen.de\/index.php?rest_route=\/wp\/v2\/pages"}],"about":[{"href":"https:\/\/grundschule-einsingen.de\/index.php?rest_route=\/wp\/v2\/types\/page"}],"author":[{"embeddable":true,"href":"https:\/\/grundschule-einsingen.de\/index.php?rest_route=\/wp\/v2\/users\/1"}],"replies":[{"embeddable":true,"href":"https:\/\/grundschule-einsingen.de\/index.php?rest_route=%2Fwp%2Fv2%2Fcomments&post=12"}],"version-history":[{"count":0,"href":"https:\/\/grundschule-einsingen.de\/index.php?rest_route=\/wp\/v2\/pages\/12\/revisions"}],"wp:attachment":[{"href":"https:\/\/grundschule-einsingen.de\/index.php?rest_route=%2Fwp%2Fv2%2Fmedia&parent=12"}],"curies":[{"name":"wp","href":"https:\/\/api.w.org\/{rel}","templated":true}]}}