{"id":14,"date":"2014-07-27T23:24:07","date_gmt":"2014-07-27T21:24:07","guid":{"rendered":"http:\/\/grundschule-einsingen.de\/?page_id=14"},"modified":"2024-06-13T22:10:11","modified_gmt":"2024-06-13T20:10:11","slug":"foerderverein","status":"publish","type":"page","link":"https:\/\/grundschule-einsingen.de\/?page_id=14","title":{"rendered":"Wir \u00fcber uns"},"content":{"rendered":"<p><strong>Was macht der F\u00f6rderverein der Einsinger Schule?<\/strong><\/p>\n<p>Wir unterst\u00fctzen bed\u00fcrftige Sch\u00fclerinnen und Sch\u00fcler und erm\u00f6glichen ihnen die Teilnahme an Klassenfahrten, wie z.B. Theater- und Museumsbesuche und zus\u00e4tzliche F\u00f6rderkurse.<\/p>\n<p>Wir unterst\u00fctzen die Schule als Einrichtung und f\u00f6rdern gezielt Projekte und zus\u00e4tzliche Anschaffungen. So wurden in den letzten Jahren z.B. eine Outdoor-Kletterwand geplant und gebaut, ein Tischkicker sowie Spielekisten zur Pausenbesch\u00e4ftigung angeschafft.<\/p>\n<p>Wir f\u00f6rdern die Pflege guter Beziehungen zwischen Sch\u00fclern, Eltern, Lehrern sowie Freunden und F\u00f6rderern der Schule.\u00a0Die Mitwirkung an Veranstaltungen wie z.B. dem Schulfest erm\u00f6glicht es, dass dort erwirtschaftete \u00dcbersch\u00fcsse wieder vollst\u00e4ndig und direkt den Sch\u00fclerinnen und Sch\u00fclern zugute kommen.<\/p>\n<p>Ebenfalls setzt der F\u00f6rderverein die Spenden von befreundeten Personen und Vereinen, Unternehmen am Ort oder geworbene F\u00f6rdermittel im Sinne des Satzungszwecks direkt wieder ein. Vielen Dank an\u00a0 unsere gro\u00dfz\u00fcgigen Spender!<\/p>\n<p><strong>Vorstand<\/strong><\/p>\n<ul>\n<li>Vorsitzender: Carsten Geiselmann<\/li>\n<li>Stellvertretender Vorsitzender: Christian Jodat<\/li>\n<li>Schriftf\u00fchrer:\u00a0 Georg Reinbold<\/li>\n<li>Kassierer: Simon Knapp<\/li>\n<li>Stellvertretender Kassierer: Markus Roth<\/li>\n<li>1. Beisitzer : Jaqueline Schmid<\/li>\n<li>2. Beisitzer : Jessica Dworschak<\/li>\n<\/ul>\n<p><strong>Anschrift und Kontaktdaten<\/strong><\/p>\n<p>F\u00f6rderverein der Grundschule Einsingen e.V.<br \/>\nAm B\u00fcrgele 10\/1<br \/>\n89079 Ulm-Einsingen<\/p>\n<p>Tel.: 07305-2030012<br \/>\nE-Mail: <a href=\"mailto:foerderverein@grundschule-einsingen.de\">foerderverein@grundschule-einsingen.de<\/a><\/p>\n<p><strong>Bankverbindung<\/strong><\/p>\n<p>Volksbank Ulm-Biberach eG<br \/>\nBLZ 630 901 00<br \/>\nKonto 257 639 004<br \/>\nIBAN DE85 6309 0100 0257 6390 04<br \/>\nBIC ULMVDE66XXX<\/p>\n<p><strong>Satzung<\/strong><\/p>\n<p><a href=\"http:\/\/grundschule-einsingen.de\/wp-content\/uploads\/2018\/09\/F\u00f6rderverein-Satzung-08.06.2015.pdf\">Download<\/a><\/p>\n<p><strong>Mitgliedsantrag \/ Beitrittserkl\u00e4rung<\/strong><\/p>\n<p><a href=\"https:\/\/grundschule-einsingen.de\/wp-content\/uploads\/2019\/09\/Beitrittserkl\u00e4rung-20190708.pdf\" data-wplink-url-error=\"true\">Download<\/a><\/p>\n<p><strong>F\u00f6rderantrag<\/strong><\/p>\n<p><a title=\"F\u00f6rderantrag\" href=\"http:\/\/grundschule-einsingen.de\/?page_id=449\">Online-Formular<\/a> oder<br \/>\n<a href=\"http:\/\/grundschule-einsingen.de\/wp-content\/uploads\/2018\/09\/F\u00f6rderantrag2018.pdf\">Download<\/a><\/p>\n","protected":false},"excerpt":{"rendered":"<p>Was macht der F\u00f6rderverein der Einsinger Schule? Wir unterst\u00fctzen bed\u00fcrftige Sch\u00fclerinnen und Sch\u00fcler und erm\u00f6glichen ihnen die Teilnahme an Klassenfahrten, wie z.B. Theater- und Museumsbesuche und zus\u00e4tzliche F\u00f6rderkurse. Wir unterst\u00fctzen die Schule als Einrichtung und f\u00f6rdern gezielt Projekte und zus\u00e4tzliche &#8230; <a class=\"more-link\" href=\"https:\/\/grundschule-einsingen.de\/?page_id=14\">Read More &raquo;<\/a><\/p>\n","protected":false},"author":1,"featured_media":0,"parent":0,"menu_order":0,"comment_status":"closed","ping_status":"closed","template":"","meta":{"footnotes":""},"class_list":["post-14","page","type-page","status-publish","hentry"],"_links":{"self":[{"href":"https:\/\/grundschule-einsingen.de\/index.php?rest_route=\/wp\/v2\/pages\/14","targetHints":{"allow":["GET"]}}],"collection":[{"href":"https:\/\/grundschule-einsingen.de\/index.php?rest_route=\/wp\/v2\/pages"}],"about":[{"href":"https:\/\/grundschule-einsingen.de\/index.php?rest_route=\/wp\/v2\/types\/page"}],"author":[{"embeddable":true,"href":"https:\/\/grundschule-einsingen.de\/index.php?rest_route=\/wp\/v2\/users\/1"}],"replies":[{"embeddable":true,"href":"https:\/\/grundschule-einsingen.de\/index.php?rest_route=%2Fwp%2Fv2%2Fcomments&post=14"}],"version-history":[{"count":18,"href":"https:\/\/grundschule-einsingen.de\/index.php?rest_route=\/wp\/v2\/pages\/14\/revisions"}],"predecessor-version":[{"id":2755,"href":"https:\/\/grundschule-einsingen.de\/index.php?rest_route=\/wp\/v2\/pages\/14\/revisions\/2755"}],"wp:attachment":[{"href":"https:\/\/grundschule-einsingen.de\/index.php?rest_route=%2Fwp%2Fv2%2Fmedia&parent=14"}],"curies":[{"name":"wp","href":"https:\/\/api.w.org\/{rel}","templated":true}]}}