{"id":154,"date":"2014-07-30T23:58:20","date_gmt":"2014-07-30T21:58:20","guid":{"rendered":"http:\/\/grundschule-einsingen.de\/?page_id=154"},"modified":"2014-07-31T02:41:27","modified_gmt":"2014-07-31T00:41:27","slug":"jugendbegleiterprogramm","status":"publish","type":"page","link":"https:\/\/grundschule-einsingen.de\/?page_id=154","title":{"rendered":"Jugendbegleiterprogramm"},"content":{"rendered":"<p>Seit dem Schuljahr 2010\/2011 beteiligt sich die Einsinger Schule am Jugendbegleiterprogramm des Landes Baden-W\u00fcrttemberg f\u00fcr au\u00dferunterrichtliche Bildungs- und Betreuungsangebote und und bietet verschiedene Aktivit\u00e4ten an.<\/p>\n<p>Das Jugendbegleiterprogramm&#8230;<\/p>\n<ul>\n<li>ist ein Programm des Ministeriums f\u00fcr Kultus, Jugend und Sport f\u00fcr alle \u00f6ffentlichen Schulen des Landes und wird von der Jugendstiftung Baden-W\u00fcrttemberg in dessen Auftrag koordiniert und umgesetzt.<\/li>\n<li>unterst\u00fctzt \u00f6ffentliche Schulen bei der Entwicklung eines auf die konkreten lokalen Begebenheiten und Bed\u00fcrfnisse abgestimmten Bildungskonzepts.<\/li>\n<li>hat das Ziel Sch\u00fclerinnen und Sch\u00fclern ganzheitliche Bildung zukommen zu lassen.<\/li>\n<li>tr\u00e4gt zur \u00d6ffnung von Schulen f\u00fcr die Mitarbeit au\u00dferschulischer Partner und freiwillig Engagierter bei.<\/li>\n<li>bildet eine Br\u00fccke zwischen Lebensraum Schule, Menschen aus dem lokalen Umfeld und Vertreterinnen und Vertretern von Institutionen und Einrichtungen, die an der Gestaltung der Schule mitwirken wollen.<\/li>\n<li>ist ein ideales Instrument, um aktive B\u00fcrgerbeteiligung in der bildungspolitischen Arbeit zu erm\u00f6glichen und eine thematische Vielfalt in die Schulen zu tragen, die weit \u00fcber die traditionellen unterrichtlichen Angebote hinausgeht.<\/li>\n<li>unterst\u00fctzt die Realisierung des rhythmisierten Ganztags \u2013 Unterricht, Lernphasen, F\u00f6rderangebote, Bewegungsphasen, Aktivpausen oder Kreativzeiten wechseln sich ab und sind sinnvoll \u00fcber den Tag verteilt.<\/li>\n<\/ul>\n<p>Weitere Informationen zum Jugendbegleiterprogramm erhalten Sie <a href=\"http:\/\/www.jugendbegleiter.de\/\" target=\"_blank\">hier<\/a>.<\/p>\n","protected":false},"excerpt":{"rendered":"<p>Seit dem Schuljahr 2010\/2011 beteiligt sich die Einsinger Schule am Jugendbegleiterprogramm des Landes Baden-W\u00fcrttemberg f\u00fcr au\u00dferunterrichtliche Bildungs- und Betreuungsangebote und und bietet verschiedene Aktivit\u00e4ten an. Das Jugendbegleiterprogramm&#8230; ist ein Programm des Ministeriums f\u00fcr Kultus, Jugend und Sport f\u00fcr alle \u00f6ffentlichen &#8230; <a class=\"more-link\" href=\"https:\/\/grundschule-einsingen.de\/?page_id=154\">Read More &raquo;<\/a><\/p>\n","protected":false},"author":1,"featured_media":0,"parent":0,"menu_order":0,"comment_status":"closed","ping_status":"closed","template":"","meta":{"footnotes":""},"class_list":["post-154","page","type-page","status-publish","hentry"],"_links":{"self":[{"href":"https:\/\/grundschule-einsingen.de\/index.php?rest_route=\/wp\/v2\/pages\/154","targetHints":{"allow":["GET"]}}],"collection":[{"href":"https:\/\/grundschule-einsingen.de\/index.php?rest_route=\/wp\/v2\/pages"}],"about":[{"href":"https:\/\/grundschule-einsingen.de\/index.php?rest_route=\/wp\/v2\/types\/page"}],"author":[{"embeddable":true,"href":"https:\/\/grundschule-einsingen.de\/index.php?rest_route=\/wp\/v2\/users\/1"}],"replies":[{"embeddable":true,"href":"https:\/\/grundschule-einsingen.de\/index.php?rest_route=%2Fwp%2Fv2%2Fcomments&post=154"}],"version-history":[{"count":0,"href":"https:\/\/grundschule-einsingen.de\/index.php?rest_route=\/wp\/v2\/pages\/154\/revisions"}],"wp:attachment":[{"href":"https:\/\/grundschule-einsingen.de\/index.php?rest_route=%2Fwp%2Fv2%2Fmedia&parent=154"}],"curies":[{"name":"wp","href":"https:\/\/api.w.org\/{rel}","templated":true}]}}