{"id":27,"date":"2014-07-27T23:28:46","date_gmt":"2014-07-27T21:28:46","guid":{"rendered":"http:\/\/grundschule-einsingen.de\/?page_id=27"},"modified":"2023-03-31T08:43:35","modified_gmt":"2023-03-31T06:43:35","slug":"unsere-schule","status":"publish","type":"page","link":"https:\/\/grundschule-einsingen.de\/?page_id=27","title":{"rendered":"Grundschule Einsingen"},"content":{"rendered":"<p>Unsere Schule liegt im Ulmer Stadtteil Einsingen, 8 km s\u00fcdwestlich von der Donaustadt Ulm entfernt.<\/p>\n<p>Einsingen ist durch sein Gewerbegebiet, den dort ans\u00e4ssigen mittelst\u00e4ndischen Betrieben, seine unmittelbare N\u00e4he zum Industriegebiet Donautal und sein kontinuierliches Wachstum ein attraktiver Wohnort f\u00fcr&nbsp;inzwischen etwa 2600 Einwohner.<\/p>\n<p>Aufgrund der seit einigen Jahren immer weiter zur\u00fcckgegangenen Sch\u00fclerzahlen im Werkrealschulbereich ist die Einsinger Schule ab dem Schuljahr 2014 \/ 2015 eine reine Grundschule. Seit dem Schuljahr 2015 \/ 2016 wird ein Ganztagsschulbetrieb angeboten.<\/p>\n<p>Die Grundschule Einsingen ist&nbsp; &#8222;Grundschule mit sport- und bewegungserzieherischem Schwerpunkt&#8220; und &#8222;Referenzschule f\u00fcr Medienbildung&#8220;.<\/p>\n<p>Weitere Infos zum Ort und zur Geschichte von Einsingen erhalten sie <a href=\"https:\/\/einsingen.ulm.de\/einsingen\/ohne-navigation\/interessantes-und-wissenswertes\" target=\"_blank\" rel=\"noopener\">hier<\/a>.<\/p>\n<figure id=\"attachment_530\" aria-describedby=\"caption-attachment-530\" style=\"width: 90px\" class=\"wp-caption alignnone\"><img loading=\"lazy\" decoding=\"async\" class=\"size-full wp-image-530\" src=\"https:\/\/ein.ulm.schule\/wp-content\/uploads\/2014\/07\/Wappen_Ulm-Einsingen-e1407096708874.png\" alt=\"Wappen von Einsingen\" width=\"90\" height=\"100\"><figcaption id=\"caption-attachment-530\" class=\"wp-caption-text\">Wappen von Einsingen<\/figcaption><\/figure>\n","protected":false},"excerpt":{"rendered":"<p>Unsere Schule liegt im Ulmer Stadtteil Einsingen, 8 km s\u00fcdwestlich von der Donaustadt Ulm entfernt. Einsingen ist durch sein Gewerbegebiet, den dort ans\u00e4ssigen mittelst\u00e4ndischen Betrieben, seine unmittelbare N\u00e4he zum Industriegebiet Donautal und sein kontinuierliches Wachstum ein attraktiver Wohnort f\u00fcr&nbsp;inzwischen etwa &#8230; <a class=\"more-link\" href=\"https:\/\/grundschule-einsingen.de\/?page_id=27\">Read More &raquo;<\/a><\/p>\n","protected":false},"author":1,"featured_media":0,"parent":0,"menu_order":0,"comment_status":"closed","ping_status":"closed","template":"","meta":{"footnotes":""},"class_list":["post-27","page","type-page","status-publish","hentry"],"_links":{"self":[{"href":"https:\/\/grundschule-einsingen.de\/index.php?rest_route=\/wp\/v2\/pages\/27","targetHints":{"allow":["GET"]}}],"collection":[{"href":"https:\/\/grundschule-einsingen.de\/index.php?rest_route=\/wp\/v2\/pages"}],"about":[{"href":"https:\/\/grundschule-einsingen.de\/index.php?rest_route=\/wp\/v2\/types\/page"}],"author":[{"embeddable":true,"href":"https:\/\/grundschule-einsingen.de\/index.php?rest_route=\/wp\/v2\/users\/1"}],"replies":[{"embeddable":true,"href":"https:\/\/grundschule-einsingen.de\/index.php?rest_route=%2Fwp%2Fv2%2Fcomments&post=27"}],"version-history":[{"count":4,"href":"https:\/\/grundschule-einsingen.de\/index.php?rest_route=\/wp\/v2\/pages\/27\/revisions"}],"predecessor-version":[{"id":2343,"href":"https:\/\/grundschule-einsingen.de\/index.php?rest_route=\/wp\/v2\/pages\/27\/revisions\/2343"}],"wp:attachment":[{"href":"https:\/\/grundschule-einsingen.de\/index.php?rest_route=%2Fwp%2Fv2%2Fmedia&parent=27"}],"curies":[{"name":"wp","href":"https:\/\/api.w.org\/{rel}","templated":true}]}}