{"id":29,"date":"2014-07-27T23:29:14","date_gmt":"2014-07-27T21:29:14","guid":{"rendered":"http:\/\/grundschule-einsingen.de\/?page_id=29"},"modified":"2022-09-30T22:14:20","modified_gmt":"2022-09-30T20:14:20","slug":"schulgeschichte","status":"publish","type":"page","link":"https:\/\/grundschule-einsingen.de\/?page_id=29","title":{"rendered":"Schulchronik"},"content":{"rendered":"<p>Nach 31 Jahren als Schulleiterin der Einsinger Schule ging Frau Renate K\u00e4\u00dfbohrer zum 31. Juli 2013 in Ruhestand. \u00a0Frau\u00a0<span style=\"color: #454545;\">B\u00e4rbel Hartmann \u00fcbernahm die kommissarische Schulleitung, bis i<\/span>m Januar 2014 Frau Tanja Strobel durch das Staatliche Schulamt Biberach zur neuen Schulleiterin der Einsinger Schule ernannt wurde.<\/p>\n<p>Unsere Schule war viele Jahre eine Grund- und Hauptschule, sp\u00e4ter eine Grund- und Hauptschule mit Werkrealschule, die es den Sch\u00fclerinnen und Sch\u00fclern der Hochstr\u00e4\u00df-Gemeinden erm\u00f6glichte, die mittlere Reife zu erwerben. Unsere Schule fungierte ebenfalls als\u00a0Au\u00dfenklasse\u00a0der\u00a0<a href=\"http:\/\/www.gustav-werner-schule.de\" target=\"_blank\" rel=\"noopener\">Gustav-Werner-Schule<\/a> und\u00a0leistete dadurch einen wertvollen Beitrag zur Inklusion und Integration von Kindern mit Behinderungen.<\/p>\n<p>Sinkende Anmeldezahlen an Haupt- und Werkrealschulen f\u00fchrten in 2010 dazu, dass die Einsinger Schule zum &#8222;Schulzentrum Hochstr\u00e4\u00df \/ S\u00f6flingen&#8220; wurde und die Werkrealsch\u00fcler der Meinloh-Schule aus S\u00f6flingen mit integrierte. Die Werkrealschule strebte ein\u00a0Sport-Profil an, mit bis zu sechs Stunden Schulsport pro Woche und Bewegungsschwerpunkt. Eine Kooperation\u00a0mit dem <a href=\"http:\/\/www.wuerttfv.de\" target=\"_blank\" rel=\"noopener\">W\u00fcrttembergischen Fu\u00dfballverband<\/a> (WFV) unterst\u00fctzte dieses Vorhaben.<\/p>\n<p>In 2011 wurde es 9 Sch\u00fclern der Klassen 9 und 10 des Schulzentrums dank der finanziellen Unterst\u00fctzung der Firma <a href=\"http:\/\/www.zwick.de\/\" target=\"_blank\" rel=\"noopener\">Zwick GmbH &amp; Co. KG<\/a> erm\u00f6glicht, mit 20 zus\u00e4tzlichen, au\u00dferschulischen Unterrichtseinheiten <a href=\"http:\/\/www.telc.net\" target=\"_blank\" rel=\"noopener\">telc-Sprachzertifikate<\/a> abzulegen, um sich mit guten Englisch-Kenntnissen potentiellen Ausbildungsbetrieben zu empfehlen.<\/p>\n<p>Mit <a href=\"http:\/\/www.dr-hoehn.de\" target=\"_blank\" rel=\"noopener\">H\u00d6HN Displays+Verpackungen GmbH<\/a> ging die Werkrealschule 2012 eine von der <a href=\"http:\/\/www.ulm.ihk24.de\" target=\"_blank\" rel=\"noopener\">IHK Ulm<\/a> initiierte Bildungspartnerschaft ein, die seitens Werkrealschule vom Schulleitungsmitglied J\u00fcrgen Herde vorangetrieben wurde. Mit der Bildungspartnerschaft\u00a0wurde\u00a0interessierten Sch\u00fclerinnen und Sch\u00fclern Betriebspraktika erm\u00f6glicht und f\u00fcr einen engen Kontakt zum Unternehmen gesorgt, z.B. durch Infoabende der Personalverantwortlichen oder durch Azubis von H\u00d6HN, die als Ausbildungsbotschafter \u00fcber ihre Erfahrungen im Unternehmen berichteten.<\/p>\n<p>Doch auch die Schulzusammenlegung konnte den Trend weg vom Schultyp Werkrealschule nicht aufhalten, so dass zum Schuljahr 2014-2015 mangels Anmeldungen der Werkrealschulbetrieb aufgegeben werden musste und damit verbunden auch die Kooperation mit der Gustav-Werner-Schule.<\/p>\n<p>Im Bereich Grundschule werden steigende Sch\u00fclerzahlen verzeichnet, im Schuljahr 2014-2015 wurden zwei erste Klassen eingerichtet. Ein zus\u00e4tzliches Ganztagschulangebot steht seit Schuljahr 2015-2016 als Wahlangebot zur Verf\u00fcgung.<\/p>\n<p>Zum Schuljahr 2021-2022 \u00fcbernimmt Frau Tanja Strobel das Amt der Schuldekanin. Im Juni 2022 wird Frau Gabriele Hegele-Schatz zur neuen Schulleiterin der Grundschule Einsingen ernannt.<\/p>\n<p>Zur ersten Konrektorin wird im September 2022 Frau Julia Heiland ernannt, da die Grundschule Einsingen aufgrund der Sch\u00fclerzahl zum Schuljahre 2022-2023 eine Konrektorenstelle erh\u00e4lt.<\/p>\n","protected":false},"excerpt":{"rendered":"<p>Nach 31 Jahren als Schulleiterin der Einsinger Schule ging Frau Renate K\u00e4\u00dfbohrer zum 31. Juli 2013 in Ruhestand. \u00a0Frau\u00a0B\u00e4rbel Hartmann \u00fcbernahm die kommissarische Schulleitung, bis im Januar 2014 Frau Tanja Strobel durch das Staatliche Schulamt Biberach zur neuen Schulleiterin der &#8230; <a class=\"more-link\" href=\"https:\/\/grundschule-einsingen.de\/?page_id=29\">Read More &raquo;<\/a><\/p>\n","protected":false},"author":1,"featured_media":0,"parent":0,"menu_order":0,"comment_status":"closed","ping_status":"closed","template":"","meta":{"footnotes":""},"class_list":["post-29","page","type-page","status-publish","hentry"],"_links":{"self":[{"href":"https:\/\/grundschule-einsingen.de\/index.php?rest_route=\/wp\/v2\/pages\/29","targetHints":{"allow":["GET"]}}],"collection":[{"href":"https:\/\/grundschule-einsingen.de\/index.php?rest_route=\/wp\/v2\/pages"}],"about":[{"href":"https:\/\/grundschule-einsingen.de\/index.php?rest_route=\/wp\/v2\/types\/page"}],"author":[{"embeddable":true,"href":"https:\/\/grundschule-einsingen.de\/index.php?rest_route=\/wp\/v2\/users\/1"}],"replies":[{"embeddable":true,"href":"https:\/\/grundschule-einsingen.de\/index.php?rest_route=%2Fwp%2Fv2%2Fcomments&post=29"}],"version-history":[{"count":2,"href":"https:\/\/grundschule-einsingen.de\/index.php?rest_route=\/wp\/v2\/pages\/29\/revisions"}],"predecessor-version":[{"id":2160,"href":"https:\/\/grundschule-einsingen.de\/index.php?rest_route=\/wp\/v2\/pages\/29\/revisions\/2160"}],"wp:attachment":[{"href":"https:\/\/grundschule-einsingen.de\/index.php?rest_route=%2Fwp%2Fv2%2Fmedia&parent=29"}],"curies":[{"name":"wp","href":"https:\/\/api.w.org\/{rel}","templated":true}]}}