{"id":635,"date":"2014-09-15T21:13:08","date_gmt":"2014-09-15T19:13:08","guid":{"rendered":"http:\/\/grundschule-einsingen.de\/?page_id=635"},"modified":"2021-10-20T08:06:07","modified_gmt":"2021-10-20T06:06:07","slug":"mittagstisch","status":"publish","type":"page","link":"https:\/\/grundschule-einsingen.de\/?page_id=635","title":{"rendered":"Mittagstisch"},"content":{"rendered":"<p>Sch\u00fclerinnen und Sch\u00fclern wird von Montag bis Freitag ein Mittagessen der Firma <a href=\"https:\/\/www.insiva-gmbh.de\/catering\/\" target=\"_blank\" rel=\"noopener noreferrer\">INSIVA GmbH<\/a> angeboten, die Abrechnung erfolgt \u00fcber die Stadt Ulm.<\/p>\n<p>Formulare zur Anmeldung, \u00c4nderung, K\u00fcndigung gibt es <a href=\"https:\/\/formulare.virtuelles-rathaus.de\/metaform\/Form-Solutions\/?14&amp;releaseUserId=08421000-01-0009&amp;allowedLanguages&amp;releaseID=5bf27139e4b0ff78ec36fdc2&amp;releaseOrganizationID=08421000-01&amp;assistant=KFAS_00032&amp;storable=true&amp;fileUrl=https%253A%252F%252Fformulare.virtuelles-rathaus.de%253A443%252Fmetaform%252FForm-Solutions%252Fsid%252Fassistant%252F5bf27139e4b0ff78ec36fdc2&amp;oID=08421000-01&amp;kdnr=08421000-01\">hier<\/a><\/p>\n<p><img loading=\"lazy\" decoding=\"async\" class=\"alignnone size-full wp-image-636\" src=\"http:\/\/grundschule-einsingen.de\/wp-content\/uploads\/2014\/09\/pixabay\/7\/essen_1410808272.png\" alt=\"\" width=\"150\" height=\"150\" \/><\/p>\n","protected":false},"excerpt":{"rendered":"<p>Sch\u00fclerinnen und Sch\u00fclern wird von Montag bis Freitag ein Mittagessen der Firma INSIVA GmbH angeboten, die Abrechnung erfolgt \u00fcber die Stadt Ulm. Formulare zur Anmeldung, \u00c4nderung, K\u00fcndigung gibt es hier<\/p>\n","protected":false},"author":1,"featured_media":0,"parent":0,"menu_order":0,"comment_status":"closed","ping_status":"closed","template":"","meta":{"footnotes":""},"class_list":["post-635","page","type-page","status-publish","hentry"],"_links":{"self":[{"href":"https:\/\/grundschule-einsingen.de\/index.php?rest_route=\/wp\/v2\/pages\/635","targetHints":{"allow":["GET"]}}],"collection":[{"href":"https:\/\/grundschule-einsingen.de\/index.php?rest_route=\/wp\/v2\/pages"}],"about":[{"href":"https:\/\/grundschule-einsingen.de\/index.php?rest_route=\/wp\/v2\/types\/page"}],"author":[{"embeddable":true,"href":"https:\/\/grundschule-einsingen.de\/index.php?rest_route=\/wp\/v2\/users\/1"}],"replies":[{"embeddable":true,"href":"https:\/\/grundschule-einsingen.de\/index.php?rest_route=%2Fwp%2Fv2%2Fcomments&post=635"}],"version-history":[{"count":3,"href":"https:\/\/grundschule-einsingen.de\/index.php?rest_route=\/wp\/v2\/pages\/635\/revisions"}],"predecessor-version":[{"id":1866,"href":"https:\/\/grundschule-einsingen.de\/index.php?rest_route=\/wp\/v2\/pages\/635\/revisions\/1866"}],"wp:attachment":[{"href":"https:\/\/grundschule-einsingen.de\/index.php?rest_route=%2Fwp%2Fv2%2Fmedia&parent=635"}],"curies":[{"name":"wp","href":"https:\/\/api.w.org\/{rel}","templated":true}]}}