{"id":801,"date":"2014-10-21T08:22:50","date_gmt":"2014-10-21T06:22:50","guid":{"rendered":"http:\/\/grundschule-einsingen.de\/?page_id=801"},"modified":"2023-03-31T08:26:40","modified_gmt":"2023-03-31T06:26:40","slug":"schulfrucht-programm","status":"publish","type":"page","link":"https:\/\/grundschule-einsingen.de\/?page_id=801","title":{"rendered":"EU-Schulprogramm"},"content":{"rendered":"<p style=\"color: #000000;\">Die Einsinger Schule nimmt am EU-Schulprogramm teil. Einmal die Woche erhalten wir leckeres Obst und Gem\u00fcse sowie Milch und Milchprodukte vom Bio-Lieferanten. Die Kinder freuen sich \u00fcber gesunde Pausensnacks und erfahren mehr \u00fcber saisonale Obst- und Gem\u00fcsesorten.<\/p>\n<div class=\"page\" title=\"Page 2\">\n<div class=\"section\">\n<div class=\"layoutArea\">\n<div class=\"column\">\n<p><span style=\"color: rgb(10.200000%, 10.100000%, 9.500000%);\">Obst und Gem\u00fcse schmecken lecker, sind oft bunt und knackig. In ihnen stecken zahlreiche lebensnotwendige und gesundheitsf\u00f6rdernde Inhaltsstoffe wie Vitamine, Mineralstoffe, Ballaststoffe und sekund\u00e4re Pflanzenstoffe. Diese helfen dabei, dass Kinder gesund sind, sich fit und wohl f\u00fchlen.&nbsp;<\/span>Obst und Gem\u00fcse liefern in der Regel nur wenig Kalorien, Kinder k\u00f6nnen also reichlich zugreifen. Sie tun dies auch gerne, allerdings beschr\u00e4nken sie sich oft auf wenige Obst- und Gem\u00fcsearten.&nbsp;Das Schulfruchtprogramm will den Kindern Appetit machen auf mehr Obst und Gem\u00fcse, gleichzeitig zu mehr Abwechslung motivieren.<\/p>\n<p>Weitere Infos <a href=\"https:\/\/mlr.baden-wuerttemberg.de\/de\/unsere-themen\/essentrinken\/eu-schulprogramm\/\" target=\"_blank\" rel=\"noopener\">hier<\/a>.<\/p>\n<p><img loading=\"lazy\" decoding=\"async\" class=\"aligncenter size-full wp-image-803\" src=\"https:\/\/ein.ulm.schule\/wp-content\/uploads\/2014\/10\/apples-455396_1920-e1413872525139.jpg\" alt=\"\u00c4pfel\" width=\"640\" height=\"451\"><\/p>\n<\/div>\n<\/div>\n<\/div>\n<\/div>\n","protected":false},"excerpt":{"rendered":"<p>Die Einsinger Schule nimmt am EU-Schulprogramm teil. Einmal die Woche erhalten wir leckeres Obst und Gem\u00fcse sowie Milch und Milchprodukte vom Bio-Lieferanten. Die Kinder freuen sich \u00fcber gesunde Pausensnacks und erfahren mehr \u00fcber saisonale Obst- und Gem\u00fcsesorten. Obst und Gem\u00fcse &#8230; <a class=\"more-link\" href=\"https:\/\/grundschule-einsingen.de\/?page_id=801\">Read More &raquo;<\/a><\/p>\n","protected":false},"author":1,"featured_media":0,"parent":0,"menu_order":0,"comment_status":"closed","ping_status":"closed","template":"","meta":{"footnotes":""},"class_list":["post-801","page","type-page","status-publish","hentry"],"_links":{"self":[{"href":"https:\/\/grundschule-einsingen.de\/index.php?rest_route=\/wp\/v2\/pages\/801","targetHints":{"allow":["GET"]}}],"collection":[{"href":"https:\/\/grundschule-einsingen.de\/index.php?rest_route=\/wp\/v2\/pages"}],"about":[{"href":"https:\/\/grundschule-einsingen.de\/index.php?rest_route=\/wp\/v2\/types\/page"}],"author":[{"embeddable":true,"href":"https:\/\/grundschule-einsingen.de\/index.php?rest_route=\/wp\/v2\/users\/1"}],"replies":[{"embeddable":true,"href":"https:\/\/grundschule-einsingen.de\/index.php?rest_route=%2Fwp%2Fv2%2Fcomments&post=801"}],"version-history":[{"count":3,"href":"https:\/\/grundschule-einsingen.de\/index.php?rest_route=\/wp\/v2\/pages\/801\/revisions"}],"predecessor-version":[{"id":2342,"href":"https:\/\/grundschule-einsingen.de\/index.php?rest_route=\/wp\/v2\/pages\/801\/revisions\/2342"}],"wp:attachment":[{"href":"https:\/\/grundschule-einsingen.de\/index.php?rest_route=%2Fwp%2Fv2%2Fmedia&parent=801"}],"curies":[{"name":"wp","href":"https:\/\/api.w.org\/{rel}","templated":true}]}}