{"id":95,"date":"2014-07-28T01:38:48","date_gmt":"2014-07-27T23:38:48","guid":{"rendered":"http:\/\/grundschule-einsingen.de\/?page_id=95"},"modified":"2020-10-06T14:01:08","modified_gmt":"2020-10-06T12:01:08","slug":"ganztagesschule","status":"publish","type":"page","link":"https:\/\/grundschule-einsingen.de\/?page_id=95","title":{"rendered":"Ganztagsschule"},"content":{"rendered":"<p>Unsere Grundschule ist seit dem Schuljahr 2015\/ 2016 eine Ganztagsgrundschule in Wahlform. Das bedeutet, dass sich die Eltern jedes Schuljahr neu entscheiden k\u00f6nnen, ob ihr Kind am Ganztag oder am Halbtag teilnimmt. Diese Entscheidung ist dann jeweils f\u00fcr ein Schuljahr verbindlich.<\/p>\n<p>Nach dem Vormittags-Unterrichtsblock bis 12.00 Uhr haben die Ganztagskinder Mittagspause zum Essen (als Warm- oder Kaltesser) und Spielen. In der Zeit von 13.00 bis 13.45 Uhr gehen die Sch\u00fclerinnen und Sch\u00fcler dann zur\u00fcck in ihr Klassenzimmer, um bei Lehrkr\u00e4ften und Lernbegleitern ihre &#8222;pers\u00f6nliche Lernzeit&#8220; zu absolvieren.<\/p>\n<p>Von 13.45 bis ca. 14.45 Uhr sind die Kinder an unseren Ganztagen (Montag, Mittwoch und Donnerstag) in verschiedene &#8222;kreative Lernangebote&#8220; eingeteilt.<\/p>\n<p>\u00dcber den festen Stundenplan hinaus, besteht f\u00fcr Ganztagskinder die M\u00f6glichkeit einer kostenlosen Betreuung an allen Wochentagen von 7.00 bis 17.00 Uhr.<\/p>\n<p>Wissenswertes zur Ganztagsschule finden sie auch im Internetportal <a href=\"http:\/\/www.ganztagsschule-bw.de\/\" target=\"_blank\" rel=\"noopener noreferrer\">Ganztagsschule in Baden-W\u00fcrttemberg<\/a>.<\/p>\n","protected":false},"excerpt":{"rendered":"<p>Unsere Grundschule ist seit dem Schuljahr 2015\/ 2016 eine Ganztagsgrundschule in Wahlform. Das bedeutet, dass sich die Eltern jedes Schuljahr neu entscheiden k\u00f6nnen, ob ihr Kind am Ganztag oder am Halbtag teilnimmt. Diese Entscheidung ist dann jeweils f\u00fcr ein Schuljahr &#8230; <a class=\"more-link\" href=\"https:\/\/grundschule-einsingen.de\/?page_id=95\">Read More &raquo;<\/a><\/p>\n","protected":false},"author":1,"featured_media":0,"parent":0,"menu_order":0,"comment_status":"closed","ping_status":"closed","template":"","meta":{"footnotes":""},"class_list":["post-95","page","type-page","status-publish","hentry"],"_links":{"self":[{"href":"https:\/\/grundschule-einsingen.de\/index.php?rest_route=\/wp\/v2\/pages\/95","targetHints":{"allow":["GET"]}}],"collection":[{"href":"https:\/\/grundschule-einsingen.de\/index.php?rest_route=\/wp\/v2\/pages"}],"about":[{"href":"https:\/\/grundschule-einsingen.de\/index.php?rest_route=\/wp\/v2\/types\/page"}],"author":[{"embeddable":true,"href":"https:\/\/grundschule-einsingen.de\/index.php?rest_route=\/wp\/v2\/users\/1"}],"replies":[{"embeddable":true,"href":"https:\/\/grundschule-einsingen.de\/index.php?rest_route=%2Fwp%2Fv2%2Fcomments&post=95"}],"version-history":[{"count":1,"href":"https:\/\/grundschule-einsingen.de\/index.php?rest_route=\/wp\/v2\/pages\/95\/revisions"}],"predecessor-version":[{"id":1814,"href":"https:\/\/grundschule-einsingen.de\/index.php?rest_route=\/wp\/v2\/pages\/95\/revisions\/1814"}],"wp:attachment":[{"href":"https:\/\/grundschule-einsingen.de\/index.php?rest_route=%2Fwp%2Fv2%2Fmedia&parent=95"}],"curies":[{"name":"wp","href":"https:\/\/api.w.org\/{rel}","templated":true}]}}